{"id":3,"date":"2025-05-08T20:23:27","date_gmt":"2025-05-08T20:23:27","guid":{"rendered":"https:\/\/telipso.ca\/residencespouraines\/?page_id=3"},"modified":"2025-05-29T14:25:34","modified_gmt":"2025-05-29T14:25:34","slug":"politique-de-confidentialite","status":"publish","type":"page","link":"https:\/\/telipso.ca\/residencespouraines\/politique-de-confidentialite\/","title":{"rendered":"Politique de confidentialit\u00e9"},"content":{"rendered":"<section class=\"l-section wpb_row us_custom_20593ccd height_auto color_alternate\"><div class=\"l-section-h i-cf\"><div class=\"g-cols vc_row via_grid cols_1 laptops-cols_inherit tablets-cols_inherit mobiles-cols_1 valign_top type_default stacking_default\"><div class=\"wpb_column vc_column_container\"><div class=\"vc_column-inner\"><div class=\"wpb_text_column\"><div class=\"wpb_wrapper\"><h1 style=\"text-align: center;\">Politique de confidentialit\u00e9<\/h1>\n<\/div><\/div><\/div><\/div><\/div><\/div><\/section><section class=\"l-section wpb_row height_auto\"><div class=\"l-section-h i-cf\"><div class=\"g-cols vc_row via_grid cols_1 laptops-cols_inherit tablets-cols_inherit mobiles-cols_1 valign_top type_default stacking_default\"><div class=\"wpb_column vc_column_container\"><div class=\"vc_column-inner\"><div class=\"wpb_text_column\"><div class=\"wpb_wrapper\"><h2 class=\"style-h3\">Avis de confidentialit\u00e9 (courriel)<\/h2>\n<p>Les messages par courriel peuvent contenir des informations privil\u00e9gi\u00e9es ou confidentielles. Si vous n\u2019\u00eates pas le destinataire d\u2019une communication ou si vous en recevez une par erreur, veuillez en aviser l\u2019exp\u00e9diteur et d\u00e9truire le message sans le copier ou en d\u00e9voiler le contenu.<\/p>\n<h2 class=\"style-h3\">Conditions d\u2019utilisation<\/h2>\n<p>Ce site de TELIPSO est fourni \u00e0 titre de service aux visiteurs. TELIPSO se r\u00e9serve le droit de modifier, d\u2019ajouter ou de supprimer toute information ou tout \u00e9l\u00e9ment de ce site, \u00e0 tout moment et pour toute raison.<\/p>\n<h2 class=\"style-h3\">Copyrights et droits<\/h2>\n<p>Tous les textes du site, logos, concepts, graphiques, images, sons, informations, documents et autres (appel\u00e9s ici \u00ab \u00e9l\u00e9ments \u00bb), ainsi que la s\u00e9lection, l\u2019arrangement et l\u2019affichage de ceux-ci, demeurent la propri\u00e9t\u00e9 exclusive de TELIPSO et\/ou de ses clients et fournisseurs et sont prot\u00e9g\u00e9s par la Loi sur le droit d\u2019auteur.<\/p>\n<p>Par la pr\u00e9sente, TELIPSO vous autorise \u00e0 regarder, copier, t\u00e9l\u00e9charger et imprimer les documents qui sont disponibles sur ce site \u00e0 la condition expresse que ces documents ne soient utilis\u00e9s qu\u2019\u00e0 des fins personnelles, dans un but non commercial ; qu\u2019ils ne soient ni modifi\u00e9s ni redistribu\u00e9s ; et que tout copyright, marque de commerce, marque de service ou autre avis de propri\u00e9t\u00e9 soit reproduit tel qu\u2019il appara\u00eet dans ces documents. Toute personne qui d\u00e9sire obtenir l\u2019autorisation d\u2019utiliser des \u00e9l\u00e9ments prot\u00e9g\u00e9s par la Loi, marques de service ou marques de commerce doit imp\u00e9rativement en faire la demande.<\/p>\n<h2 class=\"style-h3\">Avis de non-responsabilit\u00e9<\/h2>\n<p>TELIPSO d\u00e9ploiera tous les efforts possibles pour fournir de l\u2019information valable sur ce site web, mais ne peut garantir que les \u00e9l\u00e9ments ainsi fournis sont sans erreurs, \u00e0 jour, justes ou complets. Tout \u00e9l\u00e9ment fourni sur ce site l\u2019est \u00ab tel quel \u00bb. En cela, TELIPSO rejette toute garantie, formelle ou implicite, par rapport \u00e0 celui-ci. En aucune circonstance, TELIPSO, ses administrateurs, ses employ\u00e9s, ses agents, ses vendeurs ou ses fournisseurs ne seront responsables, directement ou indirectement, de quelque dommage direct, indirect, cons\u00e9cutif, dissuasif, sp\u00e9cial ou de tout autre dommage : perte de donn\u00e9es, de revenus ou de profits ; perte ou dommage \u00e0 la propri\u00e9t\u00e9 ou revendications de tierce partie survenant ou en relation avec l\u2019usage de ce site Web et son contenu ou de tout autre site Web accessible par hyperlien.<\/p>\n<h2 class=\"style-h3\">Lien au site d\u2019une tierce partie<\/h2>\n<p>\u00c0 titre de service aux visiteurs, et \u00e0 ce titre seulement, TELIPSO peut fournir des hyperliens vers d\u2019autres sites Web. Ces hyperliens n\u2019\u00e9tant pas sous son contr\u00f4le, TELIPSO ne peut \u00eatre tenue responsable du contenu de quelque site Web que ce soit li\u00e9 au sien par un hyperlien. Le fait d\u2019inclure des hyperliens sur son propre site ne saurait en aucun cas constituer une quelconque adh\u00e9sion au contenu de ces sites.<\/p>\n<h2 class=\"style-h3\">Communications aux visiteurs<\/h2>\n<p>Tout commentaire, r\u00e9action, information ou \u00e9l\u00e9ment soumis \u00e0 TELIPSO, par l\u2019entremise de ce site Web ou en association avec ce dernier, sera consid\u00e9r\u00e9 comme \u00e9tant non confidentiel. En soumettant des commentaires, r\u00e9actions, informations ou \u00e9l\u00e9ments \u00e0 TELIPSO, vous reconnaissez le fait que TELIPSO est libre d\u2019utiliser le contenu de toute communication, sans restriction aucune et sans obligation d\u2019une quelconque r\u00e9tribution de sa part. TELIPSO n\u2019accepte ni id\u00e9e, ni travail, ni \u00e9l\u00e9ment non sollicit\u00e9. Dans ces circonstances, vous admettez que vous \u00eates seul responsable du risque encouru quant \u00e0 l\u2019usage qui pourrait \u00eatre fait de toute id\u00e9e, tout travail ou tout \u00e9l\u00e9ment ainsi distribu\u00e9 par vous.<\/p>\n<p>TELIPSO s\u2019engage \u00e0 prot\u00e9ger vos donn\u00e9es personnelles et votre vie priv\u00e9e. Nous n\u2019utilisons les renseignements que vous nous communiquez que pour remplir vos demandes et communiquer avec vous.<\/p>\n<p>Les donn\u00e9es personnelles et confidentielles que vous nous confiez, en d\u00e9finissant votre profil et en demandant du contenu sur notre site sont exclusivement destin\u00e9es \u00e0 faciliter votre visite, vous livrer le contenu demand\u00e9 et communiquer avec vous.<\/p>\n<h2 class=\"style-h3\">Utilisation des donn\u00e9es demand\u00e9es<\/h2>\n<p>Pour vous livrer le contenu demand\u00e9 (document, bulletins, etc) et pour constamment l\u2019am\u00e9liorer, nous avons besoin certaines informations sur vous. Votre nom et votre num\u00e9ro de t\u00e9l\u00e9phone est n\u00e9cessaire pour vous contacter en cas de probl\u00e8me de livraison du contenu demand\u00e9 et \u00e9galement \u00e0 des fins promotionnelles par TELIPSO seulement. Votre adresse \u00e9lectronique est indispensable pour la livraison du contenu sur ce site et \u00e0 des fins promotionnelles si votre permission explicite nous a \u00e9t\u00e9 accord\u00e9e. Nous conservons ces informations dans le but de vous permettre de les r\u00e9utiliser, sans limitation dans le temps, pour demander du contenu sur notre site. Nous utilisons aussi ces donn\u00e9es pour am\u00e9liorer la pr\u00e9sentation et l\u2019organisation de <a href=\"http:\/\/telipso.com\">telipso.com<\/a>, principalement votre entreprise et votre industrie, pour nous inspirer pour la cr\u00e9ation de nouveaux contenus ou pour la personnalisation de celui-ci. Si vous ne voulez plus recevoir notre bulletin ou nos promotions et informations, il vous suffit de vous d\u00e9sabonner en cliquant sur le lien pr\u00e9vu \u00e0 cet effet dans l\u2019envoi mensuel.<\/p>\n<h2 class=\"style-h3\">La protection de vos donn\u00e9es confidentielles<\/h2>\n<p>Nous observons de strictes mesures de s\u00e9curit\u00e9 en ce qui a trait \u00e0 l\u2019archivage et \u00e0 la divulgation des informations que vous nous avez transmises, afin d\u2019\u00e9viter tout acc\u00e8s non autoris\u00e9. De ce fait, il est possible que nous vous demandions de nouveau de prouver votre identit\u00e9 avant de vous livrer des informations confidentielles ou de les modifier \u00e0 votre demande (pour faire une demande \u00e9crivez au <a href=\"mailto:ventes@telipso.com\">ventes@telipso.com<\/a>).<\/p>\n<h2 class=\"style-h3\">Les t\u00e9moins ou \u00ab cookies \u00bb<\/h2>\n<p>Les t\u00e9moins, commun\u00e9ment appel\u00e9s cookies sont des informations qu\u2019enregistre un serveur http sur le disque dur de votre ordinateur pour vous identifier. Nos t\u00e9moins ne contiennent pas d\u2019informations confidentielles, mais simplement un num\u00e9ro permettant uniquement \u00e0 TELIPSO de vous identifier et de vous sugg\u00e9rer du contenu susceptible de vous int\u00e9resser et rendre votre visite plus agr\u00e9able et conviviale. La plupart des navigateurs acceptent automatiquement les t\u00e9moins. Cependant, vous pouvez les refuser en modifiant \u00ab Vos pr\u00e9f\u00e9rences \u00bb dans votre ordinateur. M\u00eame sans t\u00e9moin, vous conservez l\u2019acc\u00e8s \u00e0 la majorit\u00e9 des promotions dans notre site et vous pouvez passer vos commandes.<\/p>\n<h2 class=\"style-h3\">Transmission de vos coordonn\u00e9es \u00e0 des tiers<\/h2>\n<p>En vous garantissant la plus grande confidentialit\u00e9, TELIPSO s\u2019engage \u00e0 ne pas divulguer ni commercialiser \u00e0 des tiers quelque information que ce soit vous concernant, sauf aux termes d\u2019une contrainte l\u00e9gale (par t\u00e9moignage en justice, interrogatoire, demande de documents, citation \u00e0 compara\u00eetre, demande d\u2019enqu\u00eate au civil ou autre proc\u00e9dure semblable suivant une ordonnance d\u2019un tribunal comp\u00e9tent, ou afin de se conformer aux conditions applicables impos\u00e9es par un organisme gouvernemental ou une autre autorit\u00e9 de r\u00e9glementation, ou autres obligations l\u00e9gales).<\/p>\n<\/div><\/div><\/div><\/div><\/div><\/div><\/section>\n","protected":false},"excerpt":{"rendered":"Politique de confidentialit\u00e9 Avis de confidentialit\u00e9 (courriel) Les messages par courriel peuvent contenir des informations privil\u00e9gi\u00e9es ou confidentielles. Si vous n\u2019\u00eates pas le destinataire d\u2019une communication ou si vous en recevez une par erreur, veuillez en aviser l\u2019exp\u00e9diteur et d\u00e9truire le message sans le copier ou en d\u00e9voiler le contenu. Conditions d\u2019utilisation Ce site de...","protected":false},"author":1,"featured_media":0,"parent":0,"menu_order":0,"comment_status":"closed","ping_status":"open","template":"","meta":{"_acf_changed":false,"footnotes":""},"class_list":["post-3","page","type-page","status-publish","hentry"],"acf":[],"yoast_head":"<!-- This site is optimized with the Yoast SEO plugin v27.2 - https:\/\/yoast.com\/product\/yoast-seo-wordpress\/ -->\n<title>Politique de confidentialit\u00e9 | TELIPSO<\/title>\n<meta name=\"robots\" content=\"noindex, nofollow\" \/>\n<meta property=\"og:locale\" content=\"fr_FR\" \/>\n<meta property=\"og:type\" content=\"article\" \/>\n<meta property=\"og:title\" content=\"Politique de confidentialit\u00e9 | TELIPSO\" \/>\n<meta property=\"og:url\" content=\"https:\/\/telipso.ca\/residencespouraines\/politique-de-confidentialite\/\" \/>\n<meta property=\"og:site_name\" content=\"TELIPSO\" \/>\n<meta property=\"article:modified_time\" content=\"2025-05-29T14:25:34+00:00\" \/>\n<meta property=\"og:image\" content=\"https:\/\/telipso.ca\/residencespouraines\/wp-content\/uploads\/2025\/05\/img-yoast.jpg\" \/>\n\t<meta property=\"og:image:width\" content=\"1200\" \/>\n\t<meta property=\"og:image:height\" content=\"675\" \/>\n\t<meta property=\"og:image:type\" content=\"image\/jpeg\" \/>\n<meta name=\"twitter:card\" content=\"summary_large_image\" \/>\n<meta name=\"twitter:label1\" content=\"Dur\u00e9e de lecture estim\u00e9e\" \/>\n\t<meta name=\"twitter:data1\" content=\"6 minutes\" \/>\n<script type=\"application\/ld+json\" class=\"yoast-schema-graph\">{\"@context\":\"https:\/\/schema.org\",\"@graph\":[{\"@type\":\"WebPage\",\"@id\":\"https:\/\/telipso.ca\/residencespouraines\/politique-de-confidentialite\/\",\"url\":\"https:\/\/telipso.ca\/residencespouraines\/politique-de-confidentialite\/\",\"name\":\"Politique de confidentialit\u00e9 | TELIPSO\",\"isPartOf\":{\"@id\":\"https:\/\/telipso.ca\/residencespouraines\/#website\"},\"datePublished\":\"2025-05-08T20:23:27+00:00\",\"dateModified\":\"2025-05-29T14:25:34+00:00\",\"breadcrumb\":{\"@id\":\"https:\/\/telipso.ca\/residencespouraines\/politique-de-confidentialite\/#breadcrumb\"},\"inLanguage\":\"fr-FR\",\"potentialAction\":[{\"@type\":\"ReadAction\",\"target\":[\"https:\/\/telipso.ca\/residencespouraines\/politique-de-confidentialite\/\"]}]},{\"@type\":\"BreadcrumbList\",\"@id\":\"https:\/\/telipso.ca\/residencespouraines\/politique-de-confidentialite\/#breadcrumb\",\"itemListElement\":[{\"@type\":\"ListItem\",\"position\":1,\"name\":\"Accueil\",\"item\":\"https:\/\/telipso.ca\/residencespouraines\/\"},{\"@type\":\"ListItem\",\"position\":2,\"name\":\"Politique de confidentialit\u00e9\"}]},{\"@type\":\"WebSite\",\"@id\":\"https:\/\/telipso.ca\/residencespouraines\/#website\",\"url\":\"https:\/\/telipso.ca\/residencespouraines\/\",\"name\":\"TELIPSO\",\"description\":\"Solutions technologiques d&#039;entreprise\",\"publisher\":{\"@id\":\"https:\/\/telipso.ca\/residencespouraines\/#organization\"},\"potentialAction\":[{\"@type\":\"SearchAction\",\"target\":{\"@type\":\"EntryPoint\",\"urlTemplate\":\"https:\/\/telipso.ca\/residencespouraines\/?s={search_term_string}\"},\"query-input\":{\"@type\":\"PropertyValueSpecification\",\"valueRequired\":true,\"valueName\":\"search_term_string\"}}],\"inLanguage\":\"fr-FR\"},{\"@type\":\"Organization\",\"@id\":\"https:\/\/telipso.ca\/residencespouraines\/#organization\",\"name\":\"TELIPSO\",\"url\":\"https:\/\/telipso.ca\/residencespouraines\/\",\"logo\":{\"@type\":\"ImageObject\",\"inLanguage\":\"fr-FR\",\"@id\":\"https:\/\/telipso.ca\/residencespouraines\/#\/schema\/logo\/image\/\",\"url\":\"https:\/\/telipso.ca\/residencespouraines\/wp-content\/uploads\/2025\/05\/Logo_couleur1_vertical.svg\",\"contentUrl\":\"https:\/\/telipso.ca\/residencespouraines\/wp-content\/uploads\/2025\/05\/Logo_couleur1_vertical.svg\",\"width\":\"1024\",\"height\":\"1024\",\"caption\":\"TELIPSO\"},\"image\":{\"@id\":\"https:\/\/telipso.ca\/residencespouraines\/#\/schema\/logo\/image\/\"}}]}<\/script>\n<!-- \/ Yoast SEO plugin. -->","yoast_head_json":{"title":"Politique de confidentialit\u00e9 | TELIPSO","robots":{"index":"noindex","follow":"nofollow"},"og_locale":"fr_FR","og_type":"article","og_title":"Politique de confidentialit\u00e9 | TELIPSO","og_url":"https:\/\/telipso.ca\/residencespouraines\/politique-de-confidentialite\/","og_site_name":"TELIPSO","article_modified_time":"2025-05-29T14:25:34+00:00","og_image":[{"width":1200,"height":675,"url":"https:\/\/telipso.ca\/residencespouraines\/wp-content\/uploads\/2025\/05\/img-yoast.jpg","type":"image\/jpeg"}],"twitter_card":"summary_large_image","twitter_misc":{"Dur\u00e9e de lecture estim\u00e9e":"6 minutes"},"schema":{"@context":"https:\/\/schema.org","@graph":[{"@type":"WebPage","@id":"https:\/\/telipso.ca\/residencespouraines\/politique-de-confidentialite\/","url":"https:\/\/telipso.ca\/residencespouraines\/politique-de-confidentialite\/","name":"Politique de confidentialit\u00e9 | TELIPSO","isPartOf":{"@id":"https:\/\/telipso.ca\/residencespouraines\/#website"},"datePublished":"2025-05-08T20:23:27+00:00","dateModified":"2025-05-29T14:25:34+00:00","breadcrumb":{"@id":"https:\/\/telipso.ca\/residencespouraines\/politique-de-confidentialite\/#breadcrumb"},"inLanguage":"fr-FR","potentialAction":[{"@type":"ReadAction","target":["https:\/\/telipso.ca\/residencespouraines\/politique-de-confidentialite\/"]}]},{"@type":"BreadcrumbList","@id":"https:\/\/telipso.ca\/residencespouraines\/politique-de-confidentialite\/#breadcrumb","itemListElement":[{"@type":"ListItem","position":1,"name":"Accueil","item":"https:\/\/telipso.ca\/residencespouraines\/"},{"@type":"ListItem","position":2,"name":"Politique de confidentialit\u00e9"}]},{"@type":"WebSite","@id":"https:\/\/telipso.ca\/residencespouraines\/#website","url":"https:\/\/telipso.ca\/residencespouraines\/","name":"TELIPSO","description":"Solutions technologiques d&#039;entreprise","publisher":{"@id":"https:\/\/telipso.ca\/residencespouraines\/#organization"},"potentialAction":[{"@type":"SearchAction","target":{"@type":"EntryPoint","urlTemplate":"https:\/\/telipso.ca\/residencespouraines\/?s={search_term_string}"},"query-input":{"@type":"PropertyValueSpecification","valueRequired":true,"valueName":"search_term_string"}}],"inLanguage":"fr-FR"},{"@type":"Organization","@id":"https:\/\/telipso.ca\/residencespouraines\/#organization","name":"TELIPSO","url":"https:\/\/telipso.ca\/residencespouraines\/","logo":{"@type":"ImageObject","inLanguage":"fr-FR","@id":"https:\/\/telipso.ca\/residencespouraines\/#\/schema\/logo\/image\/","url":"https:\/\/telipso.ca\/residencespouraines\/wp-content\/uploads\/2025\/05\/Logo_couleur1_vertical.svg","contentUrl":"https:\/\/telipso.ca\/residencespouraines\/wp-content\/uploads\/2025\/05\/Logo_couleur1_vertical.svg","width":"1024","height":"1024","caption":"TELIPSO"},"image":{"@id":"https:\/\/telipso.ca\/residencespouraines\/#\/schema\/logo\/image\/"}}]}},"_links":{"self":[{"href":"https:\/\/telipso.ca\/residencespouraines\/wp-json\/wp\/v2\/pages\/3","targetHints":{"allow":["GET"]}}],"collection":[{"href":"https:\/\/telipso.ca\/residencespouraines\/wp-json\/wp\/v2\/pages"}],"about":[{"href":"https:\/\/telipso.ca\/residencespouraines\/wp-json\/wp\/v2\/types\/page"}],"author":[{"embeddable":true,"href":"https:\/\/telipso.ca\/residencespouraines\/wp-json\/wp\/v2\/users\/1"}],"replies":[{"embeddable":true,"href":"https:\/\/telipso.ca\/residencespouraines\/wp-json\/wp\/v2\/comments?post=3"}],"version-history":[{"count":0,"href":"https:\/\/telipso.ca\/residencespouraines\/wp-json\/wp\/v2\/pages\/3\/revisions"}],"wp:attachment":[{"href":"https:\/\/telipso.ca\/residencespouraines\/wp-json\/wp\/v2\/media?parent=3"}],"curies":[{"name":"wp","href":"https:\/\/api.w.org\/{rel}","templated":true}]}}